{"id":15303,"date":"2023-08-17T11:33:58","date_gmt":"2023-08-17T08:33:58","guid":{"rendered":"https:\/\/wclinicshealth.com\/?page_id=15303"},"modified":"2023-08-17T11:43:58","modified_gmt":"2023-08-17T08:43:58","slug":"sinan-emre-sekerci","status":"publish","type":"page","link":"https:\/\/wclinicshealth.com\/tr\/sinan-emre-sekerci\/","title":{"rendered":"Sinan Emre \u015eekerci"},"content":{"rendered":"\t\t<div data-elementor-type=\"wp-page\" data-elementor-id=\"15303\" class=\"elementor elementor-15303 elementor-15291\" data-elementor-post-type=\"page\">\n\t\t\t\t\t\t<section class=\"wd-negative-gap elementor-section elementor-top-section elementor-element elementor-element-a5b3674 elementor-section-boxed elementor-section-height-default elementor-section-height-default\" data-id=\"a5b3674\" data-element_type=\"section\" data-e-type=\"section\">\n\t\t\t\t\t\t<div class=\"elementor-container elementor-column-gap-default\">\n\t\t\t\t\t<div class=\"elementor-column elementor-col-33 elementor-top-column elementor-element elementor-element-228c457\" data-id=\"228c457\" data-element_type=\"column\" data-e-type=\"column\">\n\t\t\t<div class=\"elementor-widget-wrap elementor-element-populated\">\n\t\t\t\t\t\t<div class=\"elementor-element elementor-element-e619d63 elementor-widget elementor-widget-image\" data-id=\"e619d63\" data-element_type=\"widget\" data-e-type=\"widget\" data-widget_type=\"image.default\">\n\t\t\t\t<div class=\"elementor-widget-container\">\n\t\t\t\t\t\t\t\t\t\t\t\t\t\t\t<img loading=\"lazy\" decoding=\"async\" width=\"400\" height=\"700\" src=\"https:\/\/wclinicshealth.com\/wp-content\/uploads\/2023\/01\/home-foto-iki.jpg\" class=\"attachment-large size-large wp-image-14468\" alt=\"\" srcset=\"https:\/\/wclinicshealth.com\/wp-content\/uploads\/2023\/01\/home-foto-iki.jpg 400w, https:\/\/wclinicshealth.com\/wp-content\/uploads\/2023\/01\/home-foto-iki-171x300.jpg 171w\" sizes=\"auto, (max-width: 400px) 100vw, 400px\" \/>\t\t\t\t\t\t\t\t\t\t\t\t\t\t\t<\/div>\n\t\t\t\t<\/div>\n\t\t\t\t\t<\/div>\n\t\t<\/div>\n\t\t\t\t<div class=\"elementor-column elementor-col-66 elementor-top-column elementor-element elementor-element-35d2b79\" data-id=\"35d2b79\" data-element_type=\"column\" data-e-type=\"column\">\n\t\t\t<div class=\"elementor-widget-wrap elementor-element-populated\">\n\t\t\t\t\t\t<div class=\"elementor-element elementor-element-1938377 color-scheme-inherit text-left elementor-widget elementor-widget-text-editor\" data-id=\"1938377\" data-element_type=\"widget\" data-e-type=\"widget\" data-widget_type=\"text-editor.default\">\n\t\t\t\t<div class=\"elementor-widget-container\">\n\t\t\t\t\t\t\t\t\t<p><strong>Sinan Emre \u015eekerci<\/strong>, sa\u011fl\u0131k hizmetlerini en iyi \u015fekilde sunmak i\u00e7in <strong>W Clinics<\/strong>&#8216;i kurdu.<br \/>hastalar\u0131na ve sa\u011fl\u0131k hizmetlerini yeni bir boyuta ta\u015f\u0131makt\u0131r. onun ald\u0131<br \/>Atat\u00fcrk \u00dcniversitesi&#8217;nde di\u015f hekimli\u011fi e\u011fitimi ve \u00e7e\u015fitli estetik ve \u00e7al\u0131\u015fma alanlar\u0131nda \u00e7al\u0131\u015ft\u0131.<br \/>\u201c<strong>Di\u015f Hekimli\u011finde Estetik Yakla\u015f\u0131mlar<\/strong>\u201d konulu gruplar. Klinik prati\u011finde \u00f6zellikle<br \/>mikroskobik ve dijital olarak desteklenen yakla\u015f\u0131mlar\u0131 tercih eder ve g\u00fcncel konulara ilgi g\u00f6sterir.<br \/>Bu konularda yay\u0131nlar ve toplant\u0131lar. Mikroskop destekli g\u00fcl\u00fc\u015f tasar\u0131m\u0131 ve kompozit malzemelerin di\u015f hekimli\u011fi ve \u00f6n di\u015f hekimli\u011finde kullan\u0131m\u0131 konusunda kurslar ve seminerler vermektedir.<br \/>b\u00f6lge restorasyonlar\u0131<br \/><strong>Sinan Emre \u015eekerci<\/strong>, <strong>IADS<\/strong>&#8216;nin (<strong>International<\/strong><br \/><strong>Di\u015f Hekimli\u011fi \u00d6\u011frencileri Derne\u011fi<\/strong>). Ayn\u0131 zamanda <strong>Estetik Di\u015f Hekimli\u011fi<\/strong> Akademisi \u00fcyesidir.<br \/>Dernek (<strong>EDAD<\/strong>), d\u00fcnyan\u0131n en b\u00fcy\u00fck di\u015f hekimli\u011fi topluluklar\u0131ndan biridir ve<br \/>EDAD&#8217;\u0131n alt grubu olan Gen\u00e7EDAD&#8217;\u0131n kurucular\u0131 ve y\u00f6netim kurulu \u00fcyesiydi.<br \/>Sinan Emre \u015eekerci, hastalara her zaman en iyi \u015fekilde davran\u0131lmas\u0131 gerekti\u011fini savunur ve<br \/>en yeni ve en g\u00fcncel tedavi yakla\u015f\u0131mlar\u0131n\u0131 s\u00fcrekli takip eder. O da iddia ediyor<br \/>Estetik yakla\u015f\u0131m g\u00fcnl\u00fck tedavi prati\u011finin her b\u00f6l\u00fcm\u00fcnde yer almal\u0131d\u0131r.<\/p>\t\t\t\t\t\t\t\t<\/div>\n\t\t\t\t<\/div>\n\t\t\t\t\t<\/div>\n\t\t<\/div>\n\t\t\t\t\t<\/div>\n\t\t<\/section>\n\t\t\t\t<\/div>\n\t\t","protected":false},"excerpt":{"rendered":"<p>Sinan Emre \u015eekerci, sa\u011fl\u0131k hizmetlerini en iyi \u015fekilde sunmak i\u00e7in W Clinics&#8216;i kurdu. hastalar\u0131na ve sa\u011fl\u0131k hizmetlerini yeni bir boyuta<\/p>\n","protected":false},"author":1,"featured_media":0,"parent":0,"menu_order":0,"comment_status":"closed","ping_status":"closed","template":"","meta":{"footnotes":""},"class_list":["post-15303","page","type-page","status-publish","hentry"],"_links":{"self":[{"href":"https:\/\/wclinicshealth.com\/tr\/wp-json\/wp\/v2\/pages\/15303","targetHints":{"allow":["GET"]}}],"collection":[{"href":"https:\/\/wclinicshealth.com\/tr\/wp-json\/wp\/v2\/pages"}],"about":[{"href":"https:\/\/wclinicshealth.com\/tr\/wp-json\/wp\/v2\/types\/page"}],"author":[{"embeddable":true,"href":"https:\/\/wclinicshealth.com\/tr\/wp-json\/wp\/v2\/users\/1"}],"replies":[{"embeddable":true,"href":"https:\/\/wclinicshealth.com\/tr\/wp-json\/wp\/v2\/comments?post=15303"}],"version-history":[{"count":0,"href":"https:\/\/wclinicshealth.com\/tr\/wp-json\/wp\/v2\/pages\/15303\/revisions"}],"wp:attachment":[{"href":"https:\/\/wclinicshealth.com\/tr\/wp-json\/wp\/v2\/media?parent=15303"}],"curies":[{"name":"wp","href":"https:\/\/api.w.org\/{rel}","templated":true}]}}