{"id":14795,"date":"2023-01-10T16:07:26","date_gmt":"2023-01-10T13:07:26","guid":{"rendered":"https:\/\/wclinicshealth.com\/hotel-hospital\/"},"modified":"2023-08-17T12:03:02","modified_gmt":"2023-08-17T09:03:02","slug":"hotel-hospital","status":"publish","type":"page","link":"https:\/\/wclinicshealth.com\/tr\/hotel-hospital\/","title":{"rendered":"Otel &amp; Hastane"},"content":{"rendered":"\t\t<div data-elementor-type=\"wp-page\" data-elementor-id=\"14795\" class=\"elementor elementor-14795 elementor-9517\" data-elementor-post-type=\"page\">\n\t\t\t\t\t\t<section class=\"wd-negative-gap elementor-section elementor-top-section elementor-element elementor-element-26a5bc5 elementor-section-boxed elementor-section-height-default elementor-section-height-default\" data-id=\"26a5bc5\" data-element_type=\"section\" data-e-type=\"section\">\n\t\t\t\t\t\t<div class=\"elementor-container elementor-column-gap-default\">\n\t\t\t\t\t<div class=\"elementor-column elementor-col-100 elementor-top-column elementor-element elementor-element-83596be\" data-id=\"83596be\" data-element_type=\"column\" data-e-type=\"column\">\n\t\t\t<div class=\"elementor-widget-wrap elementor-element-populated\">\n\t\t\t\t\t\t<div class=\"elementor-element elementor-element-f4d8760 color-scheme-inherit text-left elementor-widget elementor-widget-text-editor\" data-id=\"f4d8760\" data-element_type=\"widget\" data-e-type=\"widget\" data-widget_type=\"text-editor.default\">\n\t\t\t\t<div class=\"elementor-widget-container\">\n\t\t\t\t\t\t\t\t\t<p>Siz de\u011ferli misafirlerimizi a\u011f\u0131rlayaca\u011f\u0131z. Tedavilerinizin m\u00fckemmel olaca\u011f\u0131 iki klini\u011fimiz bulunmaktad\u0131r.Klini\u011fimizden biri Bursa, T\u00fcrkiye&#8217;de bulunmaktad\u0131r. Sizleri bu lokasyonlarda diledi\u011finiz gibi a\u011f\u0131rl\u0131yoruz. Bursa klini\u011fimizde konaklaman\u0131n yan\u0131 s\u0131ra k\u0131\u015f tatillerinizde de unutamayaca\u011f\u0131n\u0131z bir hafta ge\u00e7irebilirsiniz. Hem tarihi dokusu hem de do\u011fal gezi aktiviteleri sizi \u015fehrin b\u00fcy\u00fcs\u00fcne \u00e7ekecek. Son teknoloji ekipmanlar\u0131m\u0131z ile g\u00fcl\u00fcmsemelerinize k\u00fc\u00e7\u00fck bir dokunu\u015fa ne dersiniz?<\/p>\t\t\t\t\t\t\t\t<\/div>\n\t\t\t\t<\/div>\n\t\t\t\t\t<\/div>\n\t\t<\/div>\n\t\t\t\t\t<\/div>\n\t\t<\/section>\n\t\t\t\t<section class=\"wd-negative-gap elementor-section elementor-top-section elementor-element elementor-element-ff50035 elementor-section-boxed elementor-section-height-default elementor-section-height-default\" data-id=\"ff50035\" data-element_type=\"section\" data-e-type=\"section\">\n\t\t\t\t\t\t<div class=\"elementor-container elementor-column-gap-default\">\n\t\t\t\t\t<div class=\"elementor-column elementor-col-100 elementor-top-column elementor-element elementor-element-e47c447\" data-id=\"e47c447\" data-element_type=\"column\" data-e-type=\"column\">\n\t\t\t<div class=\"elementor-widget-wrap elementor-element-populated\">\n\t\t\t\t\t\t<div class=\"elementor-element elementor-element-72e48a8 elementor-arrows-position-inside elementor-pagination-position-outside elementor-widget elementor-widget-image-carousel\" data-id=\"72e48a8\" data-element_type=\"widget\" data-e-type=\"widget\" data-settings=\"{&quot;slides_to_show&quot;:&quot;1&quot;,&quot;navigation&quot;:&quot;both&quot;,&quot;autoplay&quot;:&quot;yes&quot;,&quot;pause_on_hover&quot;:&quot;yes&quot;,&quot;pause_on_interaction&quot;:&quot;yes&quot;,&quot;autoplay_speed&quot;:5000,&quot;infinite&quot;:&quot;yes&quot;,&quot;effect&quot;:&quot;slide&quot;,&quot;speed&quot;:500}\" data-widget_type=\"image-carousel.default\">\n\t\t\t\t<div class=\"elementor-widget-container\">\n\t\t\t\t\t\t\t<div class=\"elementor-image-carousel-wrapper swiper\" role=\"region\" aria-roledescription=\"carousel\" aria-label=\"Resim D\u00f6ng\u00fcs\u00fc\" dir=\"ltr\">\n\t\t\t<div class=\"elementor-image-carousel swiper-wrapper swiper-image-stretch\" aria-live=\"off\">\n\t\t\t\t\t\t\t\t<div class=\"swiper-slide\" role=\"group\" aria-roledescription=\"slide\" aria-label=\"1 \/ 12\"><figure class=\"swiper-slide-inner\"><img decoding=\"async\" class=\"swiper-slide-image\" src=\"https:\/\/wclinicshealth.com\/wp-content\/uploads\/2023\/01\/clinic-15.jpg\" alt=\"Step into a world of wellness as you enter the clinic at W Clinics Health. Our doors are open to provide you with exceptional healthcare and dedicated service.\" \/><\/figure><\/div><div class=\"swiper-slide\" role=\"group\" aria-roledescription=\"slide\" aria-label=\"2 \/ 12\"><figure class=\"swiper-slide-inner\"><img decoding=\"async\" class=\"swiper-slide-image\" src=\"https:\/\/wclinicshealth.com\/wp-content\/uploads\/2023\/01\/clinic-7.jpg\" alt=\"Enjoy a comfortable and calming waiting room experience at W Clinics Health before receiving dedicated care from our expert team.\" \/><\/figure><\/div><div class=\"swiper-slide\" role=\"group\" aria-roledescription=\"slide\" aria-label=\"3 \/ 12\"><figure class=\"swiper-slide-inner\"><img decoding=\"async\" class=\"swiper-slide-image\" src=\"https:\/\/wclinicshealth.com\/wp-content\/uploads\/2023\/01\/clinic-9.jpg\" alt=\"Discover the specialized in-clinic kit at W Clinics Health, containing quality healthcare tools to ensure top-tier care and service for our patients.\" \/><\/figure><\/div><div class=\"swiper-slide\" role=\"group\" aria-roledescription=\"slide\" aria-label=\"4 \/ 12\"><figure class=\"swiper-slide-inner\"><img decoding=\"async\" class=\"swiper-slide-image\" src=\"https:\/\/wclinicshealth.com\/wp-content\/uploads\/2023\/01\/clinic-16.jpg\" alt=\"Discover W Clinics Health in Bursa, your hub for comprehensive wellness solutions. Immerse yourself in expert care dedicated to enhancing your health and well-being.\" \/><\/figure><\/div><div class=\"swiper-slide\" role=\"group\" aria-roledescription=\"slide\" aria-label=\"5 \/ 12\"><figure class=\"swiper-slide-inner\"><img decoding=\"async\" class=\"swiper-slide-image\" src=\"https:\/\/wclinicshealth.com\/wp-content\/uploads\/2023\/01\/clinic-1.jpg\" alt=\"Immerse yourself in the personalized care provided at W Clinics Health with our in-clinic services. Our dedicated team is here to enhance your well-being.\" \/><\/figure><\/div><div class=\"swiper-slide\" role=\"group\" aria-roledescription=\"slide\" aria-label=\"6 \/ 12\"><figure class=\"swiper-slide-inner\"><img decoding=\"async\" class=\"swiper-slide-image\" src=\"https:\/\/wclinicshealth.com\/wp-content\/uploads\/2023\/01\/clinic-2.jpg\" alt=\"clinic-2\" \/><\/figure><\/div><div class=\"swiper-slide\" role=\"group\" aria-roledescription=\"slide\" aria-label=\"7 \/ 12\"><figure class=\"swiper-slide-inner\"><img decoding=\"async\" class=\"swiper-slide-image\" src=\"https:\/\/wclinicshealth.com\/wp-content\/uploads\/2023\/01\/clinic-10.jpg\" alt=\"clinic-10\" \/><\/figure><\/div><div class=\"swiper-slide\" role=\"group\" aria-roledescription=\"slide\" aria-label=\"8 \/ 12\"><figure class=\"swiper-slide-inner\"><img decoding=\"async\" class=\"swiper-slide-image\" src=\"https:\/\/wclinicshealth.com\/wp-content\/uploads\/2023\/01\/clinic-11.jpg\" alt=\"clinic-11\" \/><\/figure><\/div><div class=\"swiper-slide\" role=\"group\" aria-roledescription=\"slide\" aria-label=\"9 \/ 12\"><figure class=\"swiper-slide-inner\"><img decoding=\"async\" class=\"swiper-slide-image\" src=\"https:\/\/wclinicshealth.com\/wp-content\/uploads\/2023\/01\/clinic-3.jpg\" alt=\"clinic-3\" \/><\/figure><\/div><div class=\"swiper-slide\" role=\"group\" aria-roledescription=\"slide\" aria-label=\"10 \/ 12\"><figure class=\"swiper-slide-inner\"><img decoding=\"async\" class=\"swiper-slide-image\" src=\"https:\/\/wclinicshealth.com\/wp-content\/uploads\/2023\/01\/clinic-4.jpg\" alt=\"clinic-4\" \/><\/figure><\/div><div class=\"swiper-slide\" role=\"group\" aria-roledescription=\"slide\" aria-label=\"11 \/ 12\"><figure class=\"swiper-slide-inner\"><img decoding=\"async\" class=\"swiper-slide-image\" src=\"https:\/\/wclinicshealth.com\/wp-content\/uploads\/2023\/01\/clinic-6.jpg\" alt=\"clinic-6\" \/><\/figure><\/div><div class=\"swiper-slide\" role=\"group\" aria-roledescription=\"slide\" aria-label=\"12 \/ 12\"><figure class=\"swiper-slide-inner\"><img decoding=\"async\" class=\"swiper-slide-image\" src=\"https:\/\/wclinicshealth.com\/wp-content\/uploads\/2023\/01\/clinic-13.jpg\" alt=\"clinic-13\" \/><\/figure><\/div>\t\t\t<\/div>\n\t\t\t\t\t\t\t\t\t\t\t\t<div class=\"elementor-swiper-button elementor-swiper-button-prev\" role=\"button\" tabindex=\"0\">\n\t\t\t\t\t\t<i aria-hidden=\"true\" class=\"eicon-chevron-left\"><\/i>\t\t\t\t\t<\/div>\n\t\t\t\t\t<div class=\"elementor-swiper-button elementor-swiper-button-next\" role=\"button\" tabindex=\"0\">\n\t\t\t\t\t\t<i aria-hidden=\"true\" class=\"eicon-chevron-right\"><\/i>\t\t\t\t\t<\/div>\n\t\t\t\t\n\t\t\t\t\t\t\t\t\t<div class=\"swiper-pagination\"><\/div>\n\t\t\t\t\t\t\t\t\t<\/div>\n\t\t\t\t\t\t<\/div>\n\t\t\t\t<\/div>\n\t\t\t\t\t<\/div>\n\t\t<\/div>\n\t\t\t\t\t<\/div>\n\t\t<\/section>\n\t\t\t\t<section class=\"wd-negative-gap elementor-section elementor-top-section elementor-element elementor-element-0e5cbfe elementor-section-boxed elementor-section-height-default elementor-section-height-default\" data-id=\"0e5cbfe\" data-element_type=\"section\" data-e-type=\"section\">\n\t\t\t\t\t\t<div class=\"elementor-container elementor-column-gap-default\">\n\t\t\t\t\t<div class=\"elementor-column elementor-col-100 elementor-top-column elementor-element elementor-element-b0c1b4c\" data-id=\"b0c1b4c\" data-element_type=\"column\" data-e-type=\"column\">\n\t\t\t<div class=\"elementor-widget-wrap elementor-element-populated\">\n\t\t\t\t\t\t<div class=\"elementor-element elementor-element-87c0b47 color-scheme-inherit text-left elementor-widget elementor-widget-text-editor\" data-id=\"87c0b47\" data-element_type=\"widget\" data-e-type=\"widget\" data-widget_type=\"text-editor.default\">\n\t\t\t\t<div class=\"elementor-widget-container\">\n\t\t\t\t\t\t\t\t\t<p>Kliniklerimiz konaklama konusunda size yard\u0131mc\u0131 olman\u0131n yan\u0131 s\u0131ra \u00e7e\u015fitli otellerin \u00e7evresinde yer almalar\u0131 nedeniyle tarihi de\u011ferlerle i\u00e7 i\u00e7e ve \u00e7ok yak\u0131nd\u0131r.<\/p><p>Bursa klini\u011fimizde d\u00fcnyaca \u00fcnl\u00fc k\u00fclt\u00fcrel miraslar e\u015fli\u011finde harika bir tatil ge\u00e7irebilirsiniz. VIP ara\u00e7lar\u0131m\u0131z ile hem \u015fehrin tarihi dokusunu g\u00f6rebilir hem de tedavi s\u00fcrecinizde tedavinizin keyfini daha fazla \u00e7\u0131karabilirsiniz. \u00c7ok \u00e7e\u015fitli tarihi ve k\u00fclt\u00fcrel mirasa ev sahipli\u011fi yapan Bursa, g\u00fcn\u00fcm\u00fczde olduk\u00e7a modern bir metropol kent olarak bilinmektedir.<\/p><p>Klinikte yat\u0131\u015f\u0131n\u0131zdan sonra, \u00e7o\u011fu prosed\u00fcr, cerrah\u0131n\u0131z taraf\u0131ndan d\u00fczenli kontroller ve zorunlu bir yat\u0131\u015f gerektirir. Her prosed\u00fcr i\u00e7in kal\u0131\u015f g\u00fcnleri iyile\u015fme s\u00fcresine ba\u011fl\u0131d\u0131r.<\/p><p>W Clinics Health&#8217;te, ula\u015f\u0131m ve konaklama dahil olmak \u00fczere hastalar\u0131m\u0131z\u0131 seyahatleri boyunca destekliyoruz. Hizmetimizin temel amac\u0131, rahatlat\u0131c\u0131, s\u0131cak bir ortam sa\u011flayarak hastalar\u0131m\u0131z\u0131n iyile\u015fmesine destek olmakt\u0131r.<\/p><p>Odalar\u0131m\u0131z kendinizi daha dingin ve rahat hissedebilmeniz i\u00e7in zarif soft renklerle tasarlanm\u0131\u015ft\u0131r. S\u0131cak ve samimi dokunu\u015flar\u0131 ile sizi evinizde hissettirirken, geni\u015f ferah pencereleri ile muhte\u015fem, modern bir manzara sunuyor. B\u00f6ylece b\u00fcy\u00fcleyici \u015fehir manzaras\u0131n\u0131n keyfini \u00e7\u0131karabilirsiniz.<\/p><p>Ameliyat\u0131n\u0131zdan sonra rahat bir konaklama ge\u00e7irmenizi sa\u011flamak i\u00e7in odalar\u0131m\u0131z konfor, \u00e7e\u015fitli kolayl\u0131klar ve \u00f6zenli hizmet sunmaktad\u0131r.<\/p>\t\t\t\t\t\t\t\t<\/div>\n\t\t\t\t<\/div>\n\t\t\t\t\t<\/div>\n\t\t<\/div>\n\t\t\t\t\t<\/div>\n\t\t<\/section>\n\t\t\t\t<section class=\"wd-negative-gap elementor-section elementor-top-section elementor-element elementor-element-aeea0ab elementor-section-boxed elementor-section-height-default elementor-section-height-default\" data-id=\"aeea0ab\" data-element_type=\"section\" data-e-type=\"section\">\n\t\t\t\t\t\t<div class=\"elementor-container elementor-column-gap-default\">\n\t\t\t\t\t<div class=\"elementor-column elementor-col-100 elementor-top-column elementor-element elementor-element-f42e92e\" data-id=\"f42e92e\" data-element_type=\"column\" data-e-type=\"column\">\n\t\t\t<div class=\"elementor-widget-wrap elementor-element-populated\">\n\t\t\t\t\t\t<div class=\"elementor-element elementor-element-f73b255 elementor-arrows-position-inside elementor-pagination-position-outside elementor-widget elementor-widget-image-carousel\" data-id=\"f73b255\" data-element_type=\"widget\" data-e-type=\"widget\" data-settings=\"{&quot;slides_to_show&quot;:&quot;1&quot;,&quot;navigation&quot;:&quot;both&quot;,&quot;autoplay&quot;:&quot;yes&quot;,&quot;pause_on_hover&quot;:&quot;yes&quot;,&quot;pause_on_interaction&quot;:&quot;yes&quot;,&quot;autoplay_speed&quot;:5000,&quot;infinite&quot;:&quot;yes&quot;,&quot;effect&quot;:&quot;slide&quot;,&quot;speed&quot;:500}\" data-widget_type=\"image-carousel.default\">\n\t\t\t\t<div class=\"elementor-widget-container\">\n\t\t\t\t\t\t\t<div class=\"elementor-image-carousel-wrapper swiper\" role=\"region\" aria-roledescription=\"carousel\" aria-label=\"Resim D\u00f6ng\u00fcs\u00fc\" dir=\"ltr\">\n\t\t\t<div class=\"elementor-image-carousel swiper-wrapper swiper-image-stretch\" aria-live=\"off\">\n\t\t\t\t\t\t\t\t<div class=\"swiper-slide\" role=\"group\" aria-roledescription=\"slide\" aria-label=\"1 \/ 7\"><figure class=\"swiper-slide-inner\"><img decoding=\"async\" class=\"swiper-slide-image\" src=\"https:\/\/wclinicshealth.com\/wp-content\/uploads\/2023\/01\/otel-1-1.jpg\" alt=\"otel-1\" \/><\/figure><\/div><div class=\"swiper-slide\" role=\"group\" aria-roledescription=\"slide\" aria-label=\"2 \/ 7\"><figure class=\"swiper-slide-inner\"><img decoding=\"async\" class=\"swiper-slide-image\" src=\"https:\/\/wclinicshealth.com\/wp-content\/uploads\/2023\/01\/otel-10.jpg\" alt=\"otel-10\" \/><\/figure><\/div><div class=\"swiper-slide\" role=\"group\" aria-roledescription=\"slide\" aria-label=\"3 \/ 7\"><figure class=\"swiper-slide-inner\"><img decoding=\"async\" class=\"swiper-slide-image\" src=\"https:\/\/wclinicshealth.com\/wp-content\/uploads\/2023\/01\/kizkulesi.jpg\" alt=\"k\u0131zkulesi\" \/><\/figure><\/div><div class=\"swiper-slide\" role=\"group\" aria-roledescription=\"slide\" aria-label=\"4 \/ 7\"><figure class=\"swiper-slide-inner\"><img decoding=\"async\" class=\"swiper-slide-image\" src=\"https:\/\/wclinicshealth.com\/wp-content\/uploads\/2023\/01\/oteler-8.jpg\" alt=\"oteler-8\" \/><\/figure><\/div><div class=\"swiper-slide\" role=\"group\" aria-roledescription=\"slide\" aria-label=\"5 \/ 7\"><figure class=\"swiper-slide-inner\"><img decoding=\"async\" class=\"swiper-slide-image\" src=\"https:\/\/wclinicshealth.com\/wp-content\/uploads\/2023\/01\/otel-7-1.jpg\" alt=\"otel-7\" \/><\/figure><\/div><div class=\"swiper-slide\" role=\"group\" aria-roledescription=\"slide\" aria-label=\"6 \/ 7\"><figure class=\"swiper-slide-inner\"><img decoding=\"async\" class=\"swiper-slide-image\" src=\"https:\/\/wclinicshealth.com\/wp-content\/uploads\/2023\/01\/otel-6.jpg\" alt=\"otel-6\" \/><\/figure><\/div><div class=\"swiper-slide\" role=\"group\" aria-roledescription=\"slide\" aria-label=\"7 \/ 7\"><figure class=\"swiper-slide-inner\"><img decoding=\"async\" class=\"swiper-slide-image\" src=\"https:\/\/wclinicshealth.com\/wp-content\/uploads\/2023\/01\/oteler-4.jpg\" alt=\"oteler-4\" \/><\/figure><\/div>\t\t\t<\/div>\n\t\t\t\t\t\t\t\t\t\t\t\t<div class=\"elementor-swiper-button elementor-swiper-button-prev\" role=\"button\" tabindex=\"0\">\n\t\t\t\t\t\t<i aria-hidden=\"true\" class=\"eicon-chevron-left\"><\/i>\t\t\t\t\t<\/div>\n\t\t\t\t\t<div class=\"elementor-swiper-button elementor-swiper-button-next\" role=\"button\" tabindex=\"0\">\n\t\t\t\t\t\t<i aria-hidden=\"true\" class=\"eicon-chevron-right\"><\/i>\t\t\t\t\t<\/div>\n\t\t\t\t\n\t\t\t\t\t\t\t\t\t<div class=\"swiper-pagination\"><\/div>\n\t\t\t\t\t\t\t\t\t<\/div>\n\t\t\t\t\t\t<\/div>\n\t\t\t\t<\/div>\n\t\t\t\t\t<\/div>\n\t\t<\/div>\n\t\t\t\t\t<\/div>\n\t\t<\/section>\n\t\t\t\t<\/div>\n\t\t","protected":false},"excerpt":{"rendered":"<p>Siz de\u011ferli misafirlerimizi a\u011f\u0131rlayaca\u011f\u0131z. Tedavilerinizin m\u00fckemmel olaca\u011f\u0131 iki klini\u011fimiz bulunmaktad\u0131r.Klini\u011fimizden biri Bursa, T\u00fcrkiye&#8217;de bulunmaktad\u0131r. Sizleri bu lokasyonlarda diledi\u011finiz gibi a\u011f\u0131rl\u0131yoruz.<\/p>\n","protected":false},"author":1,"featured_media":0,"parent":0,"menu_order":0,"comment_status":"closed","ping_status":"closed","template":"","meta":{"footnotes":""},"class_list":["post-14795","page","type-page","status-publish","hentry"],"_links":{"self":[{"href":"https:\/\/wclinicshealth.com\/tr\/wp-json\/wp\/v2\/pages\/14795","targetHints":{"allow":["GET"]}}],"collection":[{"href":"https:\/\/wclinicshealth.com\/tr\/wp-json\/wp\/v2\/pages"}],"about":[{"href":"https:\/\/wclinicshealth.com\/tr\/wp-json\/wp\/v2\/types\/page"}],"author":[{"embeddable":true,"href":"https:\/\/wclinicshealth.com\/tr\/wp-json\/wp\/v2\/users\/1"}],"replies":[{"embeddable":true,"href":"https:\/\/wclinicshealth.com\/tr\/wp-json\/wp\/v2\/comments?post=14795"}],"version-history":[{"count":0,"href":"https:\/\/wclinicshealth.com\/tr\/wp-json\/wp\/v2\/pages\/14795\/revisions"}],"wp:attachment":[{"href":"https:\/\/wclinicshealth.com\/tr\/wp-json\/wp\/v2\/media?parent=14795"}],"curies":[{"name":"wp","href":"https:\/\/api.w.org\/{rel}","templated":true}]}}